{"id":421,"date":"2023-01-17T21:54:28","date_gmt":"2023-01-17T20:54:28","guid":{"rendered":"https:\/\/maluku-krimpen.nl\/?page_id=421"},"modified":"2023-03-06T08:51:28","modified_gmt":"2023-03-06T07:51:28","slug":"leiwakabessy-borgh","status":"publish","type":"page","link":"https:\/\/maluku-krimpen.nl\/?page_id=421","title":{"rendered":"LEIWAKABESSY-BORGH"},"content":{"rendered":"\t\t<div data-elementor-type=\"wp-page\" data-elementor-id=\"421\" class=\"elementor elementor-421\">\n\t\t\t\t\t\t<section class=\"elementor-section elementor-top-section elementor-element elementor-element-7797908 elementor-section-boxed elementor-section-height-default elementor-section-height-default\" data-id=\"7797908\" data-element_type=\"section\">\n\t\t\t\t\t\t<div class=\"elementor-container elementor-column-gap-default\">\n\t\t\t\t\t<div class=\"elementor-column elementor-col-50 elementor-top-column elementor-element elementor-element-d61ceb0\" data-id=\"d61ceb0\" data-element_type=\"column\">\n\t\t\t<div class=\"elementor-widget-wrap elementor-element-populated\">\n\t\t\t\t\t\t<div class=\"elementor-element elementor-element-d8ba9b0 elementor-widget elementor-widget-image\" data-id=\"d8ba9b0\" data-element_type=\"widget\" data-widget_type=\"image.default\">\n\t\t\t\t<div class=\"elementor-widget-container\">\n\t\t\t\t\t\t\t\t\t\t\t\t\t\t\t<img fetchpriority=\"high\" decoding=\"async\" width=\"1024\" height=\"682\" src=\"https:\/\/maluku-krimpen.nl\/wp-content\/uploads\/2023\/01\/DSC02384-1024x682.jpg\" class=\"attachment-large size-large wp-image-763\" alt=\"\" srcset=\"https:\/\/maluku-krimpen.nl\/wp-content\/uploads\/2023\/01\/DSC02384-1024x682.jpg 1024w, https:\/\/maluku-krimpen.nl\/wp-content\/uploads\/2023\/01\/DSC02384-300x200.jpg 300w, https:\/\/maluku-krimpen.nl\/wp-content\/uploads\/2023\/01\/DSC02384-768x511.jpg 768w, https:\/\/maluku-krimpen.nl\/wp-content\/uploads\/2023\/01\/DSC02384-1536x1022.jpg 1536w, https:\/\/maluku-krimpen.nl\/wp-content\/uploads\/2023\/01\/DSC02384-2048x1363.jpg 2048w\" sizes=\"(max-width: 1024px) 100vw, 1024px\" \/>\t\t\t\t\t\t\t\t\t\t\t\t\t\t\t<\/div>\n\t\t\t\t<\/div>\n\t\t\t\t<div class=\"elementor-element elementor-element-9be0dc4 elementor-widget elementor-widget-image\" data-id=\"9be0dc4\" data-element_type=\"widget\" data-widget_type=\"image.default\">\n\t\t\t\t<div class=\"elementor-widget-container\">\n\t\t\t\t\t\t\t\t\t\t\t\t\t\t\t<img decoding=\"async\" width=\"300\" height=\"200\" src=\"https:\/\/maluku-krimpen.nl\/wp-content\/uploads\/2023\/01\/IMG_6686-300x200.jpg\" class=\"attachment-medium size-medium wp-image-392\" alt=\"\" srcset=\"https:\/\/maluku-krimpen.nl\/wp-content\/uploads\/2023\/01\/IMG_6686-300x200.jpg 300w, https:\/\/maluku-krimpen.nl\/wp-content\/uploads\/2023\/01\/IMG_6686-1024x682.jpg 1024w, https:\/\/maluku-krimpen.nl\/wp-content\/uploads\/2023\/01\/IMG_6686-768x511.jpg 768w, https:\/\/maluku-krimpen.nl\/wp-content\/uploads\/2023\/01\/IMG_6686-1536x1022.jpg 1536w, https:\/\/maluku-krimpen.nl\/wp-content\/uploads\/2023\/01\/IMG_6686.jpg 1600w\" sizes=\"(max-width: 300px) 100vw, 300px\" \/>\t\t\t\t\t\t\t\t\t\t\t\t\t\t\t<\/div>\n\t\t\t\t<\/div>\n\t\t\t\t<div class=\"elementor-element elementor-element-378db64 elementor-widget elementor-widget-video\" data-id=\"378db64\" data-element_type=\"widget\" data-settings=\"{&quot;youtube_url&quot;:&quot;https:\\\/\\\/www.youtube.com\\\/watch?v=4_n9xLLoO4M&quot;,&quot;video_type&quot;:&quot;youtube&quot;,&quot;controls&quot;:&quot;yes&quot;}\" data-widget_type=\"video.default\">\n\t\t\t\t<div class=\"elementor-widget-container\">\n\t\t\t\t\t\t\t<div class=\"elementor-wrapper elementor-open-inline\">\n\t\t\t<div class=\"elementor-video\"><\/div>\t\t<\/div>\n\t\t\t\t\t\t<\/div>\n\t\t\t\t<\/div>\n\t\t\t\t\t<\/div>\n\t\t<\/div>\n\t\t\t\t<div class=\"elementor-column elementor-col-50 elementor-top-column elementor-element elementor-element-b7fd2b8\" data-id=\"b7fd2b8\" data-element_type=\"column\">\n\t\t\t<div class=\"elementor-widget-wrap elementor-element-populated\">\n\t\t\t\t\t\t<div class=\"elementor-element elementor-element-3542c4e elementor-widget elementor-widget-image\" data-id=\"3542c4e\" data-element_type=\"widget\" data-widget_type=\"image.default\">\n\t\t\t\t<div class=\"elementor-widget-container\">\n\t\t\t\t\t\t\t\t\t\t\t\t\t\t\t<img decoding=\"async\" width=\"320\" height=\"240\" src=\"https:\/\/maluku-krimpen.nl\/wp-content\/uploads\/2023\/01\/8502C413-054C-415D-81ED-3B13848AB668.jpg\" class=\"attachment-large size-large wp-image-883\" alt=\"\" srcset=\"https:\/\/maluku-krimpen.nl\/wp-content\/uploads\/2023\/01\/8502C413-054C-415D-81ED-3B13848AB668.jpg 320w, https:\/\/maluku-krimpen.nl\/wp-content\/uploads\/2023\/01\/8502C413-054C-415D-81ED-3B13848AB668-300x225.jpg 300w\" sizes=\"(max-width: 320px) 100vw, 320px\" \/>\t\t\t\t\t\t\t\t\t\t\t\t\t\t\t<\/div>\n\t\t\t\t<\/div>\n\t\t\t\t<div class=\"elementor-element elementor-element-27bdf95 elementor-widget elementor-widget-text-editor\" data-id=\"27bdf95\" data-element_type=\"widget\" data-widget_type=\"text-editor.default\">\n\t\t\t\t<div class=\"elementor-widget-container\">\n\t\t\t\t\t\t\t\t\t<p><strong>Wie zijn wij :<\/strong><\/p>\n<p>Mijn naam is Ed Leiwakabessy.&nbsp;<span style=\"font-size: 16px; word-spacing: var( --e-global-typography-accent-word-spacing );\">Mijn ouders zijn Domingus Leiwakabessy en Abetsina Rikumahu.<\/span><\/p>\n<p><span style=\"font-size: 16px; word-spacing: var( --e-global-typography-accent-word-spacing );\">Als gezin hebben wij in Westerbork (Schattenberg) en Krimpen gewoond. Omdat de plaatselijke artsen niet in staat waren om de bevalling te begeleiden ben ik i.p.v in Westerbork in Assen geboren. Ik woog bij de geboorte 11 pond! Het was een heel zware bevalling voor mijn moeder (mama sorry).&nbsp;<\/span><\/p><p><span style=\"font-size: 16px; word-spacing: var( --e-global-typography-accent-word-spacing );\"><br><\/span><\/p>\n<p><span style=\"font-size: 16px; word-spacing: var( --e-global-typography-accent-word-spacing );\">Jacqueline Borgh is mijn vrouw haar ouders zijn Willem Borgh en Wilhemien van Polfliet. Jacqueline is geboren in Rotterdam. Met haar ouders heeft ze in Rotterdam, Nieuwerkerk en Ouderkerk a\/d IJssel gewoond . Jacqueline haar vader was een Kunstschilder Beeldhouwer. Haar &nbsp;ouders &nbsp;zijn in de jaren tachtig naar Itali\u00eb ge\u00ebmigreerd omdat haar vader zich volledig wilde wijden aan de kunst en om in Itali\u00eb zijn inspiraties te kunnen versterken. Als 18 jarige zonder haar ouders in haar nabije omgeving heeft ze zich mijn inziens goed staande gehouden.<\/span><\/p><p><span style=\"font-size: 16px; word-spacing: var( --e-global-typography-accent-word-spacing );\">&nbsp;&nbsp;<\/span><\/p>\n<p><b>Onze kinderen :<\/b><\/p>\n<p>Marawael, Jomima en Njailese wonen niet meer thuis. Marawael is eigenlijk ons nichtje. Haar ouders konden door omstandigheden niet voor haar kon zorgen. Op jonge leeftijd is ze in ons gezin gekomen. Ondanks het feit dat ze formeel niet onze dochter is, is ze voor ons gezin de oudste dochter en de oudste zus.<\/p><p>&nbsp;<\/p>\n<p><b>Marawael,<\/b> schoonzoon Pascal en cucu Neo,Isis,Gigi en Nev wonen in de Krimpenwaard.<\/p><p><br><\/p>\n<p><b>Jomima<\/b>, schoonzoon Danny cucu Levi en onze twee bonus cucu Shai en Goldie wonen in Noord Holland.<\/p><p>&nbsp;<\/p>\n<p><b>Njailese<\/b> onze jongste dochter woont in een appartement in Rotterdam.<\/p><p><br><\/p>\n<p><b>Werk:<\/b><\/p>\n<p>In september 2023 ga ik met pensioen. Jacqueline mijn echtgenote moet nog een aantal jaren werken.&nbsp;<\/p>\n<p>Wij zijn trots op onze dochters. Marawael werkt in het onderwijs, Jomima heeft haar studie Concept en Brands afgerond en zit in de mode en last but not least Njailese ons brein van de familie heeft een Master studie &nbsp;afgerond in Antwerpen en werkt in de HR.<\/p>\t\t\t\t\t\t\t\t<\/div>\n\t\t\t\t<\/div>\n\t\t\t\t\t<\/div>\n\t\t<\/div>\n\t\t\t\t\t<\/div>\n\t\t<\/section>\n\t\t\t\t<section class=\"elementor-section elementor-top-section elementor-element elementor-element-c6e68aa elementor-section-boxed elementor-section-height-default elementor-section-height-default\" data-id=\"c6e68aa\" data-element_type=\"section\">\n\t\t\t\t\t\t<div class=\"elementor-container elementor-column-gap-default\">\n\t\t\t\t\t<div class=\"elementor-column elementor-col-50 elementor-top-column elementor-element elementor-element-c3b0569\" data-id=\"c3b0569\" data-element_type=\"column\">\n\t\t\t<div class=\"elementor-widget-wrap\">\n\t\t\t\t\t\t\t<\/div>\n\t\t<\/div>\n\t\t\t\t<div class=\"elementor-column elementor-col-50 elementor-top-column elementor-element elementor-element-59cf3fc\" data-id=\"59cf3fc\" data-element_type=\"column\">\n\t\t\t<div class=\"elementor-widget-wrap\">\n\t\t\t\t\t\t\t<\/div>\n\t\t<\/div>\n\t\t\t\t\t<\/div>\n\t\t<\/section>\n\t\t\t\t<\/div>\n\t\t","protected":false},"excerpt":{"rendered":"<p>Wie zijn wij : Mijn naam is Ed Leiwakabessy.&nbsp;Mijn ouders zijn Domingus Leiwakabessy en Abetsina Rikumahu. Als gezin hebben wij in Westerbork (Schattenberg) en Krimpen gewoond. Omdat de plaatselijke artsen niet in staat waren om de bevalling te begeleiden ben ik i.p.v in Westerbork in Assen geboren. Ik woog bij de geboorte 11 pond! Het [&hellip;]<\/p>\n","protected":false},"author":1,"featured_media":0,"parent":0,"menu_order":0,"comment_status":"closed","ping_status":"closed","template":"","meta":{"ocean_post_layout":"","ocean_both_sidebars_style":"","ocean_both_sidebars_content_width":0,"ocean_both_sidebars_sidebars_width":0,"ocean_sidebar":"0","ocean_second_sidebar":"0","ocean_disable_margins":"enable","ocean_add_body_class":"","ocean_shortcode_before_top_bar":"","ocean_shortcode_after_top_bar":"","ocean_shortcode_before_header":"","ocean_shortcode_after_header":"","ocean_has_shortcode":"","ocean_shortcode_after_title":"","ocean_shortcode_before_footer_widgets":"","ocean_shortcode_after_footer_widgets":"","ocean_shortcode_before_footer_bottom":"","ocean_shortcode_after_footer_bottom":"","ocean_display_top_bar":"default","ocean_display_header":"default","ocean_header_style":"","ocean_center_header_left_menu":"0","ocean_custom_header_template":"0","ocean_custom_logo":314,"ocean_custom_retina_logo":314,"ocean_custom_logo_max_width":0,"ocean_custom_logo_tablet_max_width":0,"ocean_custom_logo_mobile_max_width":0,"ocean_custom_logo_max_height":0,"ocean_custom_logo_tablet_max_height":0,"ocean_custom_logo_mobile_max_height":0,"ocean_header_custom_menu":"0","ocean_menu_typo_font_family":"Montserrat","ocean_menu_typo_font_subset":"","ocean_menu_typo_font_size":0,"ocean_menu_typo_font_size_tablet":0,"ocean_menu_typo_font_size_mobile":0,"ocean_menu_typo_font_size_unit":"px","ocean_menu_typo_font_weight":"","ocean_menu_typo_font_weight_tablet":"","ocean_menu_typo_font_weight_mobile":"","ocean_menu_typo_transform":"capitalize","ocean_menu_typo_transform_tablet":"","ocean_menu_typo_transform_mobile":"","ocean_menu_typo_line_height":0,"ocean_menu_typo_line_height_tablet":0,"ocean_menu_typo_line_height_mobile":0,"ocean_menu_typo_line_height_unit":"","ocean_menu_typo_spacing":0,"ocean_menu_typo_spacing_tablet":0,"ocean_menu_typo_spacing_mobile":0,"ocean_menu_typo_spacing_unit":"","ocean_menu_link_color":"","ocean_menu_link_color_hover":"","ocean_menu_link_color_active":"","ocean_menu_link_background":"","ocean_menu_link_hover_background":"","ocean_menu_link_active_background":"","ocean_menu_social_links_bg":"","ocean_menu_social_hover_links_bg":"","ocean_menu_social_links_color":"","ocean_menu_social_hover_links_color":"","ocean_disable_title":"default","ocean_disable_heading":"enable","ocean_post_title":"ONS GEZIN ","ocean_post_subheading":"  KRIMPEN-LEKKERKERK-ROTTERDAM-BENNEBROEK ","ocean_post_title_style":"centered","ocean_post_title_background_color":"","ocean_post_title_background":0,"ocean_post_title_bg_image_position":"","ocean_post_title_bg_image_attachment":"","ocean_post_title_bg_image_repeat":"","ocean_post_title_bg_image_size":"","ocean_post_title_height":0,"ocean_post_title_bg_overlay":0.5,"ocean_post_title_bg_overlay_color":"","ocean_disable_breadcrumbs":"off","ocean_breadcrumbs_color":"","ocean_breadcrumbs_separator_color":"","ocean_breadcrumbs_links_color":"","ocean_breadcrumbs_links_hover_color":"","ocean_display_footer_widgets":"default","ocean_display_footer_bottom":"default","ocean_custom_footer_template":"0","footnotes":""},"_links":{"self":[{"href":"https:\/\/maluku-krimpen.nl\/index.php?rest_route=\/wp\/v2\/pages\/421"}],"collection":[{"href":"https:\/\/maluku-krimpen.nl\/index.php?rest_route=\/wp\/v2\/pages"}],"about":[{"href":"https:\/\/maluku-krimpen.nl\/index.php?rest_route=\/wp\/v2\/types\/page"}],"author":[{"embeddable":true,"href":"https:\/\/maluku-krimpen.nl\/index.php?rest_route=\/wp\/v2\/users\/1"}],"replies":[{"embeddable":true,"href":"https:\/\/maluku-krimpen.nl\/index.php?rest_route=%2Fwp%2Fv2%2Fcomments&post=421"}],"version-history":[{"count":1,"href":"https:\/\/maluku-krimpen.nl\/index.php?rest_route=\/wp\/v2\/pages\/421\/revisions"}],"predecessor-version":[{"id":1100,"href":"https:\/\/maluku-krimpen.nl\/index.php?rest_route=\/wp\/v2\/pages\/421\/revisions\/1100"}],"wp:attachment":[{"href":"https:\/\/maluku-krimpen.nl\/index.php?rest_route=%2Fwp%2Fv2%2Fmedia&parent=421"}],"curies":[{"name":"wp","href":"https:\/\/api.w.org\/{rel}","templated":true}]}}